{"id":1317,"date":"2025-02-18T11:50:19","date_gmt":"2025-02-18T11:50:19","guid":{"rendered":"https:\/\/symfony.kauffmann-sculpteur.com\/?page_id=1317"},"modified":"2025-02-18T13:20:07","modified_gmt":"2025-02-18T13:20:07","slug":"mentions-legales","status":"publish","type":"page","link":"https:\/\/kauffmann-sculpteur.com\/en\/mentions-legales\/","title":{"rendered":"Mentions l\u00e9gales"},"content":{"rendered":"<div class=\"wp-block-group is-style-default is-layout-constrained wp-block-group-is-layout-constrained\">\n<p><\/p>\n\n\n\n<p><strong>Mentions L\u00e9gales<\/strong><\/p>\n\n\n\n<p>Conform\u00e9ment \u00e0 la loi n\u00b0 2004-575 du 21 juin 2004 pour la confiance en l&rsquo;\u00e9conomie num\u00e9rique, les utilisateurs du site http:\/\/www.kauffmann-sculpteur.com\/ sont inform\u00e9s de l&rsquo;identit\u00e9 des diff\u00e9rents intervenants dans le cadre de sa r\u00e9alisation et de son suivi.<\/p>\n\n\n\n<p><strong>\u00c9dition du Site<\/strong><\/p>\n\n\n\n<p>Le site, accessible \u00e0 l\u2019URL http:\/\/www.kauffmann-sculpteur.com\/ (le \u00ab Site \u00bb), est \u00e9dit\u00e9 par :<\/p>\n\n\n\n<p><strong>Pierre Kauffmann<\/strong><br>126 Quai des Chartrons,<br>33000 Bordeaux,<br>France<\/p>\n\n\n\n<p><strong>H\u00e9bergement<\/strong><\/p>\n\n\n\n<p>RCS Lille M\u00e9tropole 424 761 419 00045<br>Code APE 2620Z<br>N\u00b0 TVA : FR 22 424 761 419<br>Si\u00e8ge social : 2 rue Kellermann &#8211; 59100 Roubaix &#8211; France<\/p>\n\n\n\n<p><strong>Directeur de Publication<\/strong><\/p>\n\n\n\n<p>Le Directeur de la publication du Site est Pierre Kauffmann.<\/p>\n\n\n\n<p><strong>Nous Contacter<\/strong><\/p>\n\n\n\n<ul class=\"wp-block-list\">\n<li>Par t\u00e9l\u00e9phone : +33 5 56 50 11 72<\/li>\n\n\n\n<li>Par email : contact@kauffmann-sculpteur.com<\/li>\n\n\n\n<li>Par courrier : 126 Quai des Chartrons, 33000 Bordeaux France<\/li>\n<\/ul>\n\n\n\n<p><strong>Droits de Reproduction<\/strong><\/p>\n\n\n\n<p>En acc\u00e9dant au site http:\/\/www.kauffmann-sculpteur.com, vous vous engagez \u00e0 respecter le Code de la Propri\u00e9t\u00e9 Intellectuelle fran\u00e7ais et les trait\u00e9s internationaux relatifs \u00e0 la protection des droits d&rsquo;auteur, des cr\u00e9ations, des mod\u00e8les et\/ou des marques.<\/p>\n\n\n\n<p>Vous vous interdisez de t\u00e9l\u00e9charger, reproduire (m\u00eame partiellement), vendre, distribuer, publier ou communiquer sous quelque forme que ce soit les donn\u00e9es, articles, photos, illustrations, s\u00e9quences anim\u00e9es pr\u00e9sentes sur le site, sans autorisation \u00e9crite pr\u00e9alable de Pierre Kauffmann.<\/p>\n\n\n\n<p>La violation des droits d&rsquo;auteur constitue un d\u00e9lit de contrefa\u00e7on, sanctionn\u00e9 en France par l&rsquo;article L 335-2 &amp; 3 du Code de la Propri\u00e9t\u00e9 Intellectuelle (trois ans d&#8217;emprisonnement et 300 000 \u20ac d&rsquo;amende).<\/p>\n\n\n\n<p>Les marques du site http:\/\/www.kauffmann-sculpteur.com et de ses partenaires, ainsi que les logos pr\u00e9sents sur le site, sont des marques d\u00e9pos\u00e9es. Les images figurant sur le site sont \u00e9galement prot\u00e9g\u00e9es par le droit d&rsquo;auteur. Toute reproduction totale ou partielle de ces images, marques ou logos, effectu\u00e9e \u00e0 partir des \u00e9l\u00e9ments du site, n&rsquo;est pas autoris\u00e9e sans l&rsquo;autorisation expresse de leurs auteurs, conform\u00e9ment \u00e0 l&rsquo;article L713-2 du CPI.<\/p>\n\n\n\n<p><strong>Liens Hypertextes et Cookies<\/strong><\/p>\n\n\n\n<p>Le site http:\/\/www.kauffmann-sculpteur.com contient des liens hypertextes vers d\u2019autres sites (partenaires, informations, etc.) mis en place avec l\u2019autorisation du propri\u00e9taire du site. Toutefois, ce dernier ne peut v\u00e9rifier le contenu des sites ainsi visit\u00e9s et d\u00e9cline toute responsabilit\u00e9 \u00e0 cet \u00e9gard en cas de contenus illicites.<\/p>\n\n\n\n<p>L\u2019utilisateur est inform\u00e9 que lors de ses visites sur le site, un ou plusieurs cookies peuvent s\u2019installer automatiquement sur son ordinateur. Un cookie est un fichier de petite taille, qui ne permet pas l\u2019identification de l\u2019utilisateur, mais enregistre des informations relatives \u00e0 la navigation de l\u2019ordinateur sur un site. Les donn\u00e9es ainsi obtenues visent \u00e0 faciliter la navigation ult\u00e9rieure sur le site et \u00e0 permettre diverses mesures de fr\u00e9quentation.<\/p>\n\n\n\n<p>Le param\u00e9trage du logiciel de navigation permet d\u2019informer de la pr\u00e9sence de cookie et \u00e9ventuellement de refuser l\u2019installation, comme d\u00e9crit sur le site de la CNIL : www.cnil.fr. Le refus d\u2019installation d\u2019un cookie peut entra\u00eener l\u2019impossibilit\u00e9 d\u2019acc\u00e9der \u00e0 certains services. L\u2019utilisateur peut configurer son ordinateur de la mani\u00e8re suivante pour refuser l\u2019installation des cookies :<\/p>\n\n\n\n<ul class=\"wp-block-list\">\n<li>Sous Internet Explorer : onglet Outils \/ Options Internet. Cliquez sur Confidentialit\u00e9 et choisissez de bloquer tous les cookies. Validez sur Ok.<\/li>\n\n\n\n<li>Sous Netscape : onglet \u00c9dition \/ Pr\u00e9f\u00e9rences. Cliquez sur Avanc\u00e9es et choisissez de d\u00e9sactiver les cookies. Validez sur Ok.<\/li>\n<\/ul>\n\n\n\n<p><strong>Gestion des Donn\u00e9es Personnelles<\/strong><\/p>\n\n\n\n<p>Utilisateur : Internaute se connectant, utilisant le site susnomm\u00e9 : www.kauffmann-sculpteur.com. En France, les donn\u00e9es personnelles sont notamment prot\u00e9g\u00e9es par la loi n\u00b0 78-87 du 6 janvier 1978, la loi n\u00b0 2004-801 du 6 ao\u00fbt 2004, l\u2019article L. 226-13 du Code p\u00e9nal et la Directive Europ\u00e9enne du 24 octobre 1995.<\/p>\n\n\n\n<p>Sur le site www.kauffmann-sculpteur.com, le propri\u00e9taire du site ne collecte des informations personnelles relatives \u00e0 l\u2019utilisateur que pour le besoin de certains services propos\u00e9s par le site www.kauffmann-sculpteur.com. L\u2019utilisateur fournit ces informations en toute connaissance de cause, notamment lorsqu\u2019il proc\u00e8de par lui-m\u00eame \u00e0 leur saisie. Il est alors pr\u00e9cis\u00e9 \u00e0 l\u2019utilisateur du site www.kauffmann-sculpteur.com l\u2019obligation ou non de fournir ces informations. Conform\u00e9ment aux dispositions des articles 38 et suivants de la loi 78-17 du 6 janvier 1978 relative \u00e0 l\u2019informatique, aux fichiers et aux libert\u00e9s, tout utilisateur dispose d\u2019un droit d\u2019acc\u00e8s, de rectification, de suppression et d\u2019opposition aux donn\u00e9es personnelles le concernant. Pour l\u2019exercer, adressez votre demande \u00e0 www.kauffmann-sculpteur.com par email : contact@kauffmann-sculpteur.com ou en effectuant sa demande \u00e9crite et sign\u00e9e, accompagn\u00e9e d\u2019une copie du titre d\u2019identit\u00e9 avec signature du titulaire de la pi\u00e8ce, en pr\u00e9cisant l\u2019adresse \u00e0 laquelle la r\u00e9ponse doit \u00eatre envoy\u00e9e.<\/p>\n\n\n\n<p>Aucune information personnelle de l\u2019utilisateur du site www.kauffmann-sculpteur.com n\u2019est publi\u00e9e \u00e0 l\u2019insu de l\u2019utilisateur, \u00e9chang\u00e9e, transf\u00e9r\u00e9e, c\u00e9d\u00e9e ou vendue sur un support quelconque \u00e0 des tiers. Seule l\u2019hypoth\u00e8se du rachat du site www.kauffmann-sculpteur.com par le propri\u00e9taire du site et de ses droits permettrait la transmission des dites informations \u00e0 l\u2019\u00e9ventuel acqu\u00e9reur qui serait \u00e0 son tour tenu de la m\u00eame obligation de conservation et de modification des donn\u00e9es vis-\u00e0-vis de l\u2019utilisateur du site www.kauffmann-sculpteur.com.<\/p>\n\n\n\n<p>Les bases de donn\u00e9es sont prot\u00e9g\u00e9es par les dispositions de la loi du 1er juillet 1998 transposant la directive 96\/9 du 11 mars 1996 relative \u00e0 la protection juridique des bases de donn\u00e9es.<\/p>\n<\/div>","protected":false},"excerpt":{"rendered":"<p>Mentions L\u00e9gales Conform\u00e9ment \u00e0 la loi n\u00b0 2004-575 du 21 juin 2004 pour la confiance en l&rsquo;\u00e9conomie num\u00e9rique, les utilisateurs du site http:\/\/www.kauffmann-sculpteur.com\/ sont inform\u00e9s de l&rsquo;identit\u00e9 des diff\u00e9rents intervenants dans le cadre de sa r\u00e9alisation et de son suivi. \u00c9dition du Site Le site, accessible \u00e0 l\u2019URL http:\/\/www.kauffmann-sculpteur.com\/ (le \u00ab Site \u00bb), est \u00e9dit\u00e9 [&hellip;]<\/p>","protected":false},"author":2,"featured_media":0,"parent":0,"menu_order":0,"comment_status":"closed","ping_status":"closed","template":"","meta":{"_acf_changed":false,"footnotes":""},"class_list":["post-1317","page","type-page","status-publish","hentry"],"acf":[],"_links":{"self":[{"href":"https:\/\/kauffmann-sculpteur.com\/en\/wp-json\/wp\/v2\/pages\/1317","targetHints":{"allow":["GET"]}}],"collection":[{"href":"https:\/\/kauffmann-sculpteur.com\/en\/wp-json\/wp\/v2\/pages"}],"about":[{"href":"https:\/\/kauffmann-sculpteur.com\/en\/wp-json\/wp\/v2\/types\/page"}],"author":[{"embeddable":true,"href":"https:\/\/kauffmann-sculpteur.com\/en\/wp-json\/wp\/v2\/users\/2"}],"replies":[{"embeddable":true,"href":"https:\/\/kauffmann-sculpteur.com\/en\/wp-json\/wp\/v2\/comments?post=1317"}],"version-history":[{"count":2,"href":"https:\/\/kauffmann-sculpteur.com\/en\/wp-json\/wp\/v2\/pages\/1317\/revisions"}],"predecessor-version":[{"id":1324,"href":"https:\/\/kauffmann-sculpteur.com\/en\/wp-json\/wp\/v2\/pages\/1317\/revisions\/1324"}],"wp:attachment":[{"href":"https:\/\/kauffmann-sculpteur.com\/en\/wp-json\/wp\/v2\/media?parent=1317"}],"curies":[{"name":"wp","href":"https:\/\/api.w.org\/{rel}","templated":true}]}}